{"id":97,"date":"2026-02-03T13:34:31","date_gmt":"2026-02-03T13:34:31","guid":{"rendered":"https:\/\/lesamandiersdetintin.com\/?post_type=product&#038;p=97"},"modified":"2026-02-03T13:36:27","modified_gmt":"2026-02-03T13:36:27","slug":"praline","status":"publish","type":"product","link":"https:\/\/lesamandiersdetintin.com\/index.php\/produit\/praline\/","title":{"rendered":"Pralin\u00e9"},"content":{"rendered":"<p><span style=\"font-weight: 400;\">Notre pralin\u00e9 est une v\u00e9ritable explosions de saveurs et de textures.<br \/>\n<\/span><span style=\"font-weight: 400;\">Cette p\u00e2te offre une texture fondante mais loin d\u2019\u00eatre lisse,<\/span><\/p>\n<p><span style=\"font-weight: 400;\">Un incontournable en p\u00e2tisserie !<\/span><\/p>\n","protected":false},"excerpt":{"rendered":"<p>Notre pralin\u00e9 est une v\u00e9ritable explosions de saveurs et de textures. Cette p\u00e2te offre une texture fondante mais loin d\u2019\u00eatre lisse, Un incontournable en p\u00e2tisserie !<\/p>\n","protected":false},"featured_media":100,"comment_status":"open","ping_status":"closed","template":"","meta":{"_et_pb_use_builder":"","_et_pb_old_content":"","_et_gb_content_width":""},"product_brand":[],"product_cat":[15],"product_tag":[],"class_list":{"0":"post-97","1":"product","2":"type-product","3":"status-publish","4":"has-post-thumbnail","6":"product_cat-non-classe","8":"first","9":"instock","10":"shipping-taxable","11":"purchasable","12":"product-type-variable"},"_links":{"self":[{"href":"https:\/\/lesamandiersdetintin.com\/index.php\/wp-json\/wp\/v2\/product\/97","targetHints":{"allow":["GET"]}}],"collection":[{"href":"https:\/\/lesamandiersdetintin.com\/index.php\/wp-json\/wp\/v2\/product"}],"about":[{"href":"https:\/\/lesamandiersdetintin.com\/index.php\/wp-json\/wp\/v2\/types\/product"}],"replies":[{"embeddable":true,"href":"https:\/\/lesamandiersdetintin.com\/index.php\/wp-json\/wp\/v2\/comments?post=97"}],"wp:featuredmedia":[{"embeddable":true,"href":"https:\/\/lesamandiersdetintin.com\/index.php\/wp-json\/wp\/v2\/media\/100"}],"wp:attachment":[{"href":"https:\/\/lesamandiersdetintin.com\/index.php\/wp-json\/wp\/v2\/media?parent=97"}],"wp:term":[{"taxonomy":"product_brand","embeddable":true,"href":"https:\/\/lesamandiersdetintin.com\/index.php\/wp-json\/wp\/v2\/product_brand?post=97"},{"taxonomy":"product_cat","embeddable":true,"href":"https:\/\/lesamandiersdetintin.com\/index.php\/wp-json\/wp\/v2\/product_cat?post=97"},{"taxonomy":"product_tag","embeddable":true,"href":"https:\/\/lesamandiersdetintin.com\/index.php\/wp-json\/wp\/v2\/product_tag?post=97"}],"curies":[{"name":"wp","href":"https:\/\/api.w.org\/{rel}","templated":true}]}}