{"id":91,"date":"2026-02-03T13:33:28","date_gmt":"2026-02-03T13:33:28","guid":{"rendered":"https:\/\/lesamandiersdetintin.com\/?post_type=product&#038;p=91"},"modified":"2026-03-18T12:44:01","modified_gmt":"2026-03-18T12:44:01","slug":"grillees-salees","status":"publish","type":"product","link":"https:\/\/lesamandiersdetintin.com\/index.php\/produit\/grillees-salees\/","title":{"rendered":"Grill\u00e9es sal\u00e9es"},"content":{"rendered":"<p><span style=\"font-weight: 400;\">Ces amandes bio sont d\u2019abord d\u00e9cortiqu\u00e9es avant d\u2019\u00eatre grill\u00e9es avec soin afin de r\u00e9v\u00e9ler toute leur intensit\u00e9 aromatique, puis l\u00e9g\u00e8rement sal\u00e9es pour un \u00e9quilibre parfait.<br \/>\n<\/span><span style=\"font-weight: 400;\">R\u00e9colt\u00e9es a Montady et transform\u00e9es dans le respect du produit, elles offrent un croquant irr\u00e9sistible et une saveur franche.<\/span><\/p>\n<p><span style=\"font-weight: 400;\">Id\u00e9ales pour vos ap\u00e9ritifs, plateaux gourmands et moments de partage !<\/span><\/p>\n<p>&nbsp;<\/p>\n","protected":false},"excerpt":{"rendered":"<p>Ces amandes bio sont d\u2019abord d\u00e9cortiqu\u00e9es avant d\u2019\u00eatre grill\u00e9es avec soin afin de r\u00e9v\u00e9ler toute leur intensit\u00e9 aromatique, puis l\u00e9g\u00e8rement sal\u00e9es pour un \u00e9quilibre parfait. R\u00e9colt\u00e9es a Montady et transform\u00e9es dans le respect du produit, elles offrent un croquant irr\u00e9sistible et une saveur franche. Id\u00e9ales pour vos ap\u00e9ritifs, plateaux gourmands et moments de partage ! [&hellip;]<\/p>\n","protected":false},"featured_media":95,"comment_status":"open","ping_status":"closed","template":"","meta":{"_et_pb_use_builder":"","_et_pb_old_content":"","_et_gb_content_width":""},"product_brand":[],"product_cat":[15],"product_tag":[],"class_list":{"0":"post-91","1":"product","2":"type-product","3":"status-publish","4":"has-post-thumbnail","6":"product_cat-non-classe","8":"first","9":"instock","10":"shipping-taxable","11":"purchasable","12":"product-type-variable"},"_links":{"self":[{"href":"https:\/\/lesamandiersdetintin.com\/index.php\/wp-json\/wp\/v2\/product\/91","targetHints":{"allow":["GET"]}}],"collection":[{"href":"https:\/\/lesamandiersdetintin.com\/index.php\/wp-json\/wp\/v2\/product"}],"about":[{"href":"https:\/\/lesamandiersdetintin.com\/index.php\/wp-json\/wp\/v2\/types\/product"}],"replies":[{"embeddable":true,"href":"https:\/\/lesamandiersdetintin.com\/index.php\/wp-json\/wp\/v2\/comments?post=91"}],"wp:featuredmedia":[{"embeddable":true,"href":"https:\/\/lesamandiersdetintin.com\/index.php\/wp-json\/wp\/v2\/media\/95"}],"wp:attachment":[{"href":"https:\/\/lesamandiersdetintin.com\/index.php\/wp-json\/wp\/v2\/media?parent=91"}],"wp:term":[{"taxonomy":"product_brand","embeddable":true,"href":"https:\/\/lesamandiersdetintin.com\/index.php\/wp-json\/wp\/v2\/product_brand?post=91"},{"taxonomy":"product_cat","embeddable":true,"href":"https:\/\/lesamandiersdetintin.com\/index.php\/wp-json\/wp\/v2\/product_cat?post=91"},{"taxonomy":"product_tag","embeddable":true,"href":"https:\/\/lesamandiersdetintin.com\/index.php\/wp-json\/wp\/v2\/product_tag?post=91"}],"curies":[{"name":"wp","href":"https:\/\/api.w.org\/{rel}","templated":true}]}}