{"id":80,"date":"2026-02-03T13:30:28","date_gmt":"2026-02-03T13:30:28","guid":{"rendered":"https:\/\/lesamandiersdetintin.com\/?post_type=product&#038;p=80"},"modified":"2026-03-18T12:43:24","modified_gmt":"2026-03-18T12:43:24","slug":"amandes-decortiquees-bio","status":"publish","type":"product","link":"https:\/\/lesamandiersdetintin.com\/index.php\/produit\/amandes-decortiquees-bio\/","title":{"rendered":"Amandes d\u00e9cortiqu\u00e9es"},"content":{"rendered":"<p><span style=\"font-weight: 400;\">Amandes BIO d\u00e9cortiqu\u00e9es, r\u00e9colt\u00e9es \u00e0 Montady en France.<br \/>\n<\/span><span style=\"font-weight: 400;\">Mes amandes sont issues de vari\u00e9t\u00e9s Feragn\u00e8s, Ferraduel &amp; Lauranne, reconnues pour leurs qualit\u00e9s et leurs saveur \u00e9quilibr\u00e9e.<br \/>\n<\/span><span style=\"font-weight: 400;\">R\u00e9colt\u00e9es avec soin et propos\u00e9es en circuit court, elles conservent tout leur croquant et leur go\u00fbt authentique.<\/span><\/p>\n<p>&nbsp;<\/p>\n","protected":false},"excerpt":{"rendered":"<p>Amandes BIO d\u00e9cortiqu\u00e9es, r\u00e9colt\u00e9es \u00e0 Montady en France. Mes amandes sont issues de vari\u00e9t\u00e9s Feragn\u00e8s, Ferraduel &amp; Lauranne, reconnues pour leurs qualit\u00e9s et leurs saveur \u00e9quilibr\u00e9e. R\u00e9colt\u00e9es avec soin et propos\u00e9es en circuit court, elles conservent tout leur croquant et leur go\u00fbt authentique. &nbsp;<\/p>\n","protected":false},"featured_media":81,"comment_status":"open","ping_status":"closed","template":"","meta":{"_et_pb_use_builder":"","_et_pb_old_content":"","_et_gb_content_width":""},"product_brand":[],"product_cat":[15],"product_tag":[],"class_list":{"0":"post-80","1":"product","2":"type-product","3":"status-publish","4":"has-post-thumbnail","6":"product_cat-non-classe","8":"first","9":"instock","10":"shipping-taxable","11":"purchasable","12":"product-type-variable"},"_links":{"self":[{"href":"https:\/\/lesamandiersdetintin.com\/index.php\/wp-json\/wp\/v2\/product\/80","targetHints":{"allow":["GET"]}}],"collection":[{"href":"https:\/\/lesamandiersdetintin.com\/index.php\/wp-json\/wp\/v2\/product"}],"about":[{"href":"https:\/\/lesamandiersdetintin.com\/index.php\/wp-json\/wp\/v2\/types\/product"}],"replies":[{"embeddable":true,"href":"https:\/\/lesamandiersdetintin.com\/index.php\/wp-json\/wp\/v2\/comments?post=80"}],"wp:featuredmedia":[{"embeddable":true,"href":"https:\/\/lesamandiersdetintin.com\/index.php\/wp-json\/wp\/v2\/media\/81"}],"wp:attachment":[{"href":"https:\/\/lesamandiersdetintin.com\/index.php\/wp-json\/wp\/v2\/media?parent=80"}],"wp:term":[{"taxonomy":"product_brand","embeddable":true,"href":"https:\/\/lesamandiersdetintin.com\/index.php\/wp-json\/wp\/v2\/product_brand?post=80"},{"taxonomy":"product_cat","embeddable":true,"href":"https:\/\/lesamandiersdetintin.com\/index.php\/wp-json\/wp\/v2\/product_cat?post=80"},{"taxonomy":"product_tag","embeddable":true,"href":"https:\/\/lesamandiersdetintin.com\/index.php\/wp-json\/wp\/v2\/product_tag?post=80"}],"curies":[{"name":"wp","href":"https:\/\/api.w.org\/{rel}","templated":true}]}}