{"id":65,"date":"2026-02-03T13:20:01","date_gmt":"2026-02-03T13:20:01","guid":{"rendered":"https:\/\/lesamandiersdetintin.com\/?page_id=65"},"modified":"2026-03-18T13:26:27","modified_gmt":"2026-03-18T13:26:27","slug":"nos-partenaires","status":"publish","type":"page","link":"https:\/\/lesamandiersdetintin.com\/index.php\/nos-partenaires\/","title":{"rendered":"Nos partenaires"},"content":{"rendered":"<p>[et_pb_section fb_built=\u00a0\u00bb1&Prime; _builder_version=\u00a0\u00bb4.27.5&Prime; _module_preset=\u00a0\u00bbdefault\u00a0\u00bb global_colors_info=\u00a0\u00bb{}\u00a0\u00bb][et_pb_row _builder_version=\u00a0\u00bb4.27.5&Prime; _module_preset=\u00a0\u00bbdefault\u00a0\u00bb global_colors_info=\u00a0\u00bb{}\u00a0\u00bb][et_pb_column type=\u00a0\u00bb4_4&Prime; _builder_version=\u00a0\u00bb4.27.5&Prime; _module_preset=\u00a0\u00bbdefault\u00a0\u00bb global_colors_info=\u00a0\u00bb{}\u00a0\u00bb][et_pb_text _builder_version=\u00a0\u00bb4.27.5&Prime; _module_preset=\u00a0\u00bbdefault\u00a0\u00bb text_font=\u00a0\u00bbCarattere||||||||\u00a0\u00bb text_text_color=\u00a0\u00bb#400c09&Prime; text_font_size=\u00a0\u00bb40px\u00a0\u00bb global_colors_info=\u00a0\u00bb{}\u00a0\u00bb]<\/p>\n<p>Nos parutions presse !<\/p>\n<p>[\/et_pb_text][\/et_pb_column][\/et_pb_row][et_pb_row column_structure=\u00a0\u00bb1_4,1_4,1_4,1_4&Prime; _builder_version=\u00a0\u00bb4.27.5&Prime; _module_preset=\u00a0\u00bbdefault\u00a0\u00bb global_colors_info=\u00a0\u00bb{}\u00a0\u00bb][et_pb_column type=\u00a0\u00bb1_4&Prime; _builder_version=\u00a0\u00bb4.27.5&Prime; _module_preset=\u00a0\u00bbdefault\u00a0\u00bb global_colors_info=\u00a0\u00bb{}\u00a0\u00bb][et_pb_button button_url=\u00a0\u00bbhttps:\/\/www.lagazettedemontpellier.fr\/live\/5fce49411cc6fc00425690b2\/verchant-a-sa-buche-de-noel\u00a0\u00bb button_text=\u00a0\u00bbLa Gazette de Montpellier\u00a0\u00bb button_alignment=\u00a0\u00bbcenter\u00a0\u00bb _builder_version=\u00a0\u00bb4.27.5&Prime; _module_preset=\u00a0\u00bbdefault\u00a0\u00bb custom_button=\u00a0\u00bbon\u00a0\u00bb button_text_size=\u00a0\u00bb22px\u00a0\u00bb button_text_color=\u00a0\u00bb#FFFFFF\u00a0\u00bb button_bg_color=\u00a0\u00bb#400c09&Prime; button_border_width=\u00a0\u00bb0px\u00a0\u00bb button_border_radius=\u00a0\u00bb8px\u00a0\u00bb button_font=\u00a0\u00bbCarattere||||||||\u00a0\u00bb global_colors_info=\u00a0\u00bb{}\u00a0\u00bb][\/et_pb_button][\/et_pb_column][et_pb_column type=\u00a0\u00bb1_4&Prime; _builder_version=\u00a0\u00bb4.27.5&Prime; _module_preset=\u00a0\u00bbdefault\u00a0\u00bb global_colors_info=\u00a0\u00bb{}\u00a0\u00bb][et_pb_button button_url=\u00a0\u00bbhttp:\/\/www.latoque.fr\/actualites\/buches-de-noel-buche-de-vigne-1,16,103256953.html\u00a0\u00bb button_text=\u00a0\u00bbArticle : La Toque\u00a0\u00bb button_alignment=\u00a0\u00bbcenter\u00a0\u00bb _builder_version=\u00a0\u00bb4.27.5&Prime; _module_preset=\u00a0\u00bbdefault\u00a0\u00bb custom_button=\u00a0\u00bbon\u00a0\u00bb button_text_size=\u00a0\u00bb22px\u00a0\u00bb button_text_color=\u00a0\u00bb#FFFFFF\u00a0\u00bb button_bg_color=\u00a0\u00bb#400c09&Prime; button_border_width=\u00a0\u00bb0px\u00a0\u00bb button_border_radius=\u00a0\u00bb8px\u00a0\u00bb button_font=\u00a0\u00bbCarattere||||||||\u00a0\u00bb global_colors_info=\u00a0\u00bb{}\u00a0\u00bb][\/et_pb_button][\/et_pb_column][et_pb_column type=\u00a0\u00bb1_4&Prime; _builder_version=\u00a0\u00bb4.27.5&Prime; _module_preset=\u00a0\u00bbdefault\u00a0\u00bb global_colors_info=\u00a0\u00bb{}\u00a0\u00bb][et_pb_button button_url=\u00a0\u00bbhttps:\/\/actu.fr\/occitanie\/montpellier_34172\/montpellier-ce-chef-patissier-innove-avec-une-buche-en-trompe-l-oeil_38281810.html\/amp\u00a0\u00bb button_text=\u00a0\u00bbArticle : Fashions Addict\u00a0\u00bb button_alignment=\u00a0\u00bbcenter\u00a0\u00bb _builder_version=\u00a0\u00bb4.27.5&Prime; _module_preset=\u00a0\u00bbdefault\u00a0\u00bb custom_button=\u00a0\u00bbon\u00a0\u00bb button_text_size=\u00a0\u00bb22px\u00a0\u00bb button_text_color=\u00a0\u00bb#FFFFFF\u00a0\u00bb button_bg_color=\u00a0\u00bb#400c09&Prime; button_border_width=\u00a0\u00bb0px\u00a0\u00bb button_border_radius=\u00a0\u00bb8px\u00a0\u00bb button_font=\u00a0\u00bbCarattere||||||||\u00a0\u00bb global_colors_info=\u00a0\u00bb{}\u00a0\u00bb][\/et_pb_button][\/et_pb_column][et_pb_column type=\u00a0\u00bb1_4&Prime; _builder_version=\u00a0\u00bb4.27.5&Prime; _module_preset=\u00a0\u00bbdefault\u00a0\u00bb global_colors_info=\u00a0\u00bb{}\u00a0\u00bb][et_pb_button button_url=\u00a0\u00bbhttps:\/\/www.fashions-addict.com\/Les-buches-2020-des-palaces-et-restaurants_373___19360.html\u00a0\u00bb button_text=\u00a0\u00bbArticle : Actu.fr\u00a0\u00bb button_alignment=\u00a0\u00bbright\u00a0\u00bb _builder_version=\u00a0\u00bb4.27.5&Prime; _module_preset=\u00a0\u00bbdefault\u00a0\u00bb custom_button=\u00a0\u00bbon\u00a0\u00bb button_text_size=\u00a0\u00bb22px\u00a0\u00bb button_text_color=\u00a0\u00bb#FFFFFF\u00a0\u00bb button_bg_color=\u00a0\u00bb#400c09&Prime; button_border_width=\u00a0\u00bb0px\u00a0\u00bb button_border_radius=\u00a0\u00bb8px\u00a0\u00bb button_font=\u00a0\u00bbCarattere||||||||\u00a0\u00bb global_colors_info=\u00a0\u00bb{}\u00a0\u00bb][\/et_pb_button][\/et_pb_column][\/et_pb_row][et_pb_row column_structure=\u00a0\u00bb1_2,1_2&Prime; _builder_version=\u00a0\u00bb4.27.5&Prime; _module_preset=\u00a0\u00bbdefault\u00a0\u00bb global_colors_info=\u00a0\u00bb{}\u00a0\u00bb][et_pb_column type=\u00a0\u00bb1_2&Prime; _builder_version=\u00a0\u00bb4.27.5&Prime; _module_preset=\u00a0\u00bbdefault\u00a0\u00bb global_colors_info=\u00a0\u00bb{}\u00a0\u00bb][et_pb_text _builder_version=\u00a0\u00bb4.27.5&Prime; _module_preset=\u00a0\u00bbdefault\u00a0\u00bb text_font=\u00a0\u00bbCarattere||||||||\u00a0\u00bb text_text_color=\u00a0\u00bb#400c09&Prime; text_font_size=\u00a0\u00bb25px\u00a0\u00bb custom_margin=\u00a0\u00bb||10px||false|false\u00a0\u00bb global_colors_info=\u00a0\u00bb{}\u00a0\u00bb]<\/p>\n<p>Carnets de Julie<\/p>\n<p>[\/et_pb_text][et_pb_video src=\u00a0\u00bbhttps:\/\/youtu.be\/prN7-_fV1Yo\u00a0\u00bb _builder_version=\u00a0\u00bb4.27.5&Prime; _module_preset=\u00a0\u00bbdefault\u00a0\u00bb global_colors_info=\u00a0\u00bb{}\u00a0\u00bb][\/et_pb_video][\/et_pb_column][et_pb_column type=\u00a0\u00bb1_2&Prime; _builder_version=\u00a0\u00bb4.27.5&Prime; _module_preset=\u00a0\u00bbdefault\u00a0\u00bb global_colors_info=\u00a0\u00bb{}\u00a0\u00bb][et_pb_text _builder_version=\u00a0\u00bb4.27.5&Prime; _module_preset=\u00a0\u00bbdefault\u00a0\u00bb text_font=\u00a0\u00bbCarattere||||||||\u00a0\u00bb text_text_color=\u00a0\u00bb#400c09&Prime; text_font_size=\u00a0\u00bb25px\u00a0\u00bb custom_margin=\u00a0\u00bb||10px||false|false\u00a0\u00bb global_colors_info=\u00a0\u00bb{}\u00a0\u00bb]<\/p>\n<p>Sud H\u00e9rault<\/p>\n<p>[\/et_pb_text][et_pb_video src=\u00a0\u00bbhttps:\/\/www.youtube.com\/watch?v=fQmi9DfgKFs\u00a0\u00bb _builder_version=\u00a0\u00bb4.27.5&Prime; _module_preset=\u00a0\u00bbdefault\u00a0\u00bb global_colors_info=\u00a0\u00bb{}\u00a0\u00bb][\/et_pb_video][\/et_pb_column][\/et_pb_row][\/et_pb_section][et_pb_section fb_built=\u00a0\u00bb1&Prime; prev_background_color=\u00a0\u00bb#ffffff\u00a0\u00bb _builder_version=\u00a0\u00bb4.27.5&Prime; _module_preset=\u00a0\u00bbdefault\u00a0\u00bb background_color=\u00a0\u00bb#fcdbd3&Prime; custom_padding=\u00a0\u00bb150px||0px||false|false\u00a0\u00bb top_divider_style=\u00a0\u00bbwaves2&Prime; global_colors_info=\u00a0\u00bb{}\u00a0\u00bb][et_pb_row _builder_version=\u00a0\u00bb4.27.5&Prime; _module_preset=\u00a0\u00bbdefault\u00a0\u00bb global_colors_info=\u00a0\u00bb{}\u00a0\u00bb][et_pb_column type=\u00a0\u00bb4_4&Prime; _builder_version=\u00a0\u00bb4.27.5&Prime; _module_preset=\u00a0\u00bbdefault\u00a0\u00bb global_colors_info=\u00a0\u00bb{}\u00a0\u00bb][et_pb_text _builder_version=\u00a0\u00bb4.27.5&Prime; _module_preset=\u00a0\u00bbdefault\u00a0\u00bb text_font=\u00a0\u00bbCarattere||||||||\u00a0\u00bb text_text_color=\u00a0\u00bb#400c09&Prime; text_font_size=\u00a0\u00bb40px\u00a0\u00bb text_orientation=\u00a0\u00bbcenter\u00a0\u00bb global_colors_info=\u00a0\u00bb{}\u00a0\u00bb]<\/p>\n<p>Nos partenaires<\/p>\n<p>[\/et_pb_text][\/et_pb_column][\/et_pb_row][et_pb_row _builder_version=\u00a0\u00bb4.27.5&Prime; _module_preset=\u00a0\u00bbdefault\u00a0\u00bb global_colors_info=\u00a0\u00bb{}\u00a0\u00bb][et_pb_column type=\u00a0\u00bb4_4&Prime; _builder_version=\u00a0\u00bb4.27.5&Prime; _module_preset=\u00a0\u00bbdefault\u00a0\u00bb global_colors_info=\u00a0\u00bb{}\u00a0\u00bb][dipl_image_card_carousel cards_per_slide_tablet=\u00a0\u00bb2&Prime; cards_per_slide_phone=\u00a0\u00bb1&Prime; _builder_version=\u00a0\u00bb4.27.5&Prime; _module_preset=\u00a0\u00bbdefault\u00a0\u00bb global_colors_info=\u00a0\u00bb{}\u00a0\u00bb][dipl_image_card_carousel_item title=\u00a0\u00bb \u00a0\u00bb image=\u00a0\u00bbhttps:\/\/lesamandiersdetintin.com\/wp-content\/uploads\/2026\/02\/logo-verchant.png\u00a0\u00bb _builder_version=\u00a0\u00bb4.27.5&Prime; _module_preset=\u00a0\u00bbdefault\u00a0\u00bb global_colors_info=\u00a0\u00bb{}\u00a0\u00bb][\/dipl_image_card_carousel_item][dipl_image_card_carousel_item title=\u00a0\u00bb \u00a0\u00bb image=\u00a0\u00bbhttps:\/\/lesamandiersdetintin.com\/wp-content\/uploads\/2026\/02\/logo-ACSB.jpg\u00a0\u00bb icon_alignment=\u00a0\u00bbcenter\u00a0\u00bb _builder_version=\u00a0\u00bb4.27.5&Prime; _module_preset=\u00a0\u00bbdefault\u00a0\u00bb button_alignment=\u00a0\u00bbcenter\u00a0\u00bb width=\u00a0\u00bb63%\u00a0\u00bb module_alignment=\u00a0\u00bbcenter\u00a0\u00bb global_colors_info=\u00a0\u00bb{}\u00a0\u00bb][\/dipl_image_card_carousel_item][dipl_image_card_carousel_item title=\u00a0\u00bb \u00a0\u00bb image=\u00a0\u00bbhttps:\/\/lesamandiersdetintin.com\/wp-content\/uploads\/2026\/02\/logo-bocdoc.jpg\u00a0\u00bb icon_alignment=\u00a0\u00bbcenter\u00a0\u00bb _builder_version=\u00a0\u00bb4.27.5&Prime; _module_preset=\u00a0\u00bbdefault\u00a0\u00bb title_text_align=\u00a0\u00bbcenter\u00a0\u00bb content_text_align=\u00a0\u00bbcenter\u00a0\u00bb text_orientation=\u00a0\u00bbcenter\u00a0\u00bb width=\u00a0\u00bb63%\u00a0\u00bb module_alignment=\u00a0\u00bbcenter\u00a0\u00bb global_colors_info=\u00a0\u00bb{}\u00a0\u00bb][\/dipl_image_card_carousel_item][dipl_image_card_carousel_item title=\u00a0\u00bb \u00a0\u00bb image=\u00a0\u00bbhttps:\/\/lesamandiersdetintin.com\/wp-content\/uploads\/2026\/02\/logo-grand-cap.png\u00a0\u00bb icon_alignment=\u00a0\u00bbcenter\u00a0\u00bb _builder_version=\u00a0\u00bb4.27.5&Prime; _module_preset=\u00a0\u00bbdefault\u00a0\u00bb title_text_align=\u00a0\u00bbcenter\u00a0\u00bb content_text_align=\u00a0\u00bbcenter\u00a0\u00bb text_orientation=\u00a0\u00bbcenter\u00a0\u00bb width=\u00a0\u00bb63%\u00a0\u00bb module_alignment=\u00a0\u00bbcenter\u00a0\u00bb global_colors_info=\u00a0\u00bb{}\u00a0\u00bb][\/dipl_image_card_carousel_item][\/dipl_image_card_carousel][\/et_pb_column][\/et_pb_row][\/et_pb_section][et_pb_section fb_built=\u00a0\u00bb1&Prime; module_id=\u00a0\u00bbtrouver\u00a0\u00bb module_class=\u00a0\u00bbtrouver\u00a0\u00bb _builder_version=\u00a0\u00bb4.27.5&Prime; _module_preset=\u00a0\u00bbdefault\u00a0\u00bb global_colors_info=\u00a0\u00bb{}\u00a0\u00bb][et_pb_row _builder_version=\u00a0\u00bb4.27.5&Prime; _module_preset=\u00a0\u00bbdefault\u00a0\u00bb global_colors_info=\u00a0\u00bb{}\u00a0\u00bb][et_pb_column type=\u00a0\u00bb4_4&Prime; _builder_version=\u00a0\u00bb4.27.5&Prime; _module_preset=\u00a0\u00bbdefault\u00a0\u00bb global_colors_info=\u00a0\u00bb{}\u00a0\u00bb][et_pb_text _builder_version=\u00a0\u00bb4.27.5&Prime; _module_preset=\u00a0\u00bbdefault\u00a0\u00bb text_font=\u00a0\u00bbCarattere||||||||\u00a0\u00bb text_text_color=\u00a0\u00bb#400c09&Prime; text_font_size=\u00a0\u00bb40px\u00a0\u00bb header_text_align=\u00a0\u00bbcenter\u00a0\u00bb text_orientation=\u00a0\u00bbcenter\u00a0\u00bb global_colors_info=\u00a0\u00bb{}\u00a0\u00bb]<\/p>\n<p>O\u00f9 nous trouver ?<\/p>\n<p>[\/et_pb_text][et_pb_text _builder_version=\u00a0\u00bb4.27.5&Prime; _module_preset=\u00a0\u00bbdefault\u00a0\u00bb text_font=\u00a0\u00bbMontserrat||||||||\u00a0\u00bb text_text_color=\u00a0\u00bb#400c09&Prime; text_font_size=\u00a0\u00bb16px\u00a0\u00bb header_text_align=\u00a0\u00bbcenter\u00a0\u00bb text_orientation=\u00a0\u00bbcenter\u00a0\u00bb global_colors_info=\u00a0\u00bb{}\u00a0\u00bb]<\/p>\n<p><span>Mes amandes sont disponibles \u00e0 la vente dans ses quelques boutiques producteurs de l&rsquo;H\u00e9rault, que j&rsquo;affectionne particuli\u00e8rement et ou la solidarit\u00e9 nous permets a tous de vendre nos produits en circuit court ! Vous y retrouverez d&rsquo;autres producteurs de la r\u00e9gion.\u00a0<\/span><\/p>\n<p>[\/et_pb_text][\/et_pb_column][\/et_pb_row][et_pb_row column_structure=\u00a0\u00bb1_5,1_5,1_5,1_5,1_5&Prime; _builder_version=\u00a0\u00bb4.27.5&Prime; _module_preset=\u00a0\u00bbdefault\u00a0\u00bb width=\u00a0\u00bb100%\u00a0\u00bb max_width=\u00a0\u00bb1224px\u00a0\u00bb global_colors_info=\u00a0\u00bb{}\u00a0\u00bb][et_pb_column type=\u00a0\u00bb1_5&Prime; _builder_version=\u00a0\u00bb4.27.5&Prime; _module_preset=\u00a0\u00bbdefault\u00a0\u00bb global_colors_info=\u00a0\u00bb{}\u00a0\u00bb][et_pb_button button_url=\u00a0\u00bbhttps:\/\/share.google\/OpVPyJh3CO5qC064B\u00a0\u00bb button_text=\u00a0\u00bbPezenas\u00a0\u00bb button_alignment=\u00a0\u00bbcenter\u00a0\u00bb _builder_version=\u00a0\u00bb4.27.5&Prime; _module_preset=\u00a0\u00bbdefault\u00a0\u00bb custom_button=\u00a0\u00bbon\u00a0\u00bb button_text_size=\u00a0\u00bb22px\u00a0\u00bb button_text_color=\u00a0\u00bb#FFFFFF\u00a0\u00bb button_bg_color=\u00a0\u00bb#400c09&Prime; button_border_width=\u00a0\u00bb0px\u00a0\u00bb button_border_radius=\u00a0\u00bb8px\u00a0\u00bb button_font=\u00a0\u00bbCarattere||||||||\u00a0\u00bb global_colors_info=\u00a0\u00bb{}\u00a0\u00bb][\/et_pb_button][\/et_pb_column][et_pb_column type=\u00a0\u00bb1_5&Prime; _builder_version=\u00a0\u00bb4.27.5&Prime; _module_preset=\u00a0\u00bbdefault\u00a0\u00bb global_colors_info=\u00a0\u00bb{}\u00a0\u00bb][et_pb_button button_url=\u00a0\u00bbhttps:\/\/boutiquespaysannes.fr\/etablissement\/a-travers-champs\u00a0\u00bb button_text=\u00a0\u00bbLodeve\u00a0\u00bb button_alignment=\u00a0\u00bbcenter\u00a0\u00bb _builder_version=\u00a0\u00bb4.27.5&Prime; _module_preset=\u00a0\u00bbdefault\u00a0\u00bb custom_button=\u00a0\u00bbon\u00a0\u00bb button_text_size=\u00a0\u00bb22px\u00a0\u00bb button_text_color=\u00a0\u00bb#FFFFFF\u00a0\u00bb button_bg_color=\u00a0\u00bb#400c09&Prime; button_border_width=\u00a0\u00bb0px\u00a0\u00bb button_border_radius=\u00a0\u00bb8px\u00a0\u00bb button_font=\u00a0\u00bbCarattere||||||||\u00a0\u00bb global_colors_info=\u00a0\u00bb{}\u00a0\u00bb][\/et_pb_button][\/et_pb_column][et_pb_column type=\u00a0\u00bb1_5&Prime; _builder_version=\u00a0\u00bb4.27.5&Prime; _module_preset=\u00a0\u00bbdefault\u00a0\u00bb global_colors_info=\u00a0\u00bb{}\u00a0\u00bb][et_pb_button button_url=\u00a0\u00bbhttps:\/\/share.google\/CxriY9QPqdRVqXInc\u00a0\u00bb button_text=\u00a0\u00bbLamalou\u00a0\u00bb button_alignment=\u00a0\u00bbcenter\u00a0\u00bb _builder_version=\u00a0\u00bb4.27.5&Prime; _module_preset=\u00a0\u00bbdefault\u00a0\u00bb custom_button=\u00a0\u00bbon\u00a0\u00bb button_text_size=\u00a0\u00bb22px\u00a0\u00bb button_text_color=\u00a0\u00bb#FFFFFF\u00a0\u00bb button_bg_color=\u00a0\u00bb#400c09&Prime; button_border_width=\u00a0\u00bb0px\u00a0\u00bb button_border_radius=\u00a0\u00bb8px\u00a0\u00bb button_font=\u00a0\u00bbCarattere||||||||\u00a0\u00bb global_colors_info=\u00a0\u00bb{}\u00a0\u00bb][\/et_pb_button][\/et_pb_column][et_pb_column type=\u00a0\u00bb1_5&Prime; _builder_version=\u00a0\u00bb4.27.5&Prime; _module_preset=\u00a0\u00bbdefault\u00a0\u00bb global_colors_info=\u00a0\u00bb{}\u00a0\u00bb][et_pb_button button_url=\u00a0\u00bbhttps:\/\/share.google\/OTfPgrSxduVcP9H6l\u00a0\u00bb button_text=\u00a0\u00bbOlargues\u00a0\u00bb button_alignment=\u00a0\u00bbcenter\u00a0\u00bb _builder_version=\u00a0\u00bb4.27.5&Prime; _module_preset=\u00a0\u00bbdefault\u00a0\u00bb custom_button=\u00a0\u00bbon\u00a0\u00bb button_text_size=\u00a0\u00bb22px\u00a0\u00bb button_text_color=\u00a0\u00bb#FFFFFF\u00a0\u00bb button_bg_color=\u00a0\u00bb#400c09&Prime; button_border_width=\u00a0\u00bb0px\u00a0\u00bb button_border_radius=\u00a0\u00bb8px\u00a0\u00bb button_font=\u00a0\u00bbCarattere||||||||\u00a0\u00bb global_colors_info=\u00a0\u00bb{}\u00a0\u00bb][\/et_pb_button][\/et_pb_column][et_pb_column type=\u00a0\u00bb1_5&Prime; _builder_version=\u00a0\u00bb4.27.5&Prime; _module_preset=\u00a0\u00bbdefault\u00a0\u00bb global_colors_info=\u00a0\u00bb{}\u00a0\u00bb][et_pb_button button_url=\u00a0\u00bbhttps:\/\/share.google\/nbzmkyEpYovKk5Pk9&Prime; button_text=\u00a0\u00bbClermont l&rsquo;H\u00e9rault\u00a0\u00bb button_alignment=\u00a0\u00bbcenter\u00a0\u00bb _builder_version=\u00a0\u00bb4.27.5&Prime; _module_preset=\u00a0\u00bbdefault\u00a0\u00bb custom_button=\u00a0\u00bbon\u00a0\u00bb button_text_size=\u00a0\u00bb22px\u00a0\u00bb button_text_color=\u00a0\u00bb#FFFFFF\u00a0\u00bb button_bg_color=\u00a0\u00bb#400c09&Prime; button_border_width=\u00a0\u00bb0px\u00a0\u00bb button_border_radius=\u00a0\u00bb8px\u00a0\u00bb button_font=\u00a0\u00bbCarattere||||||||\u00a0\u00bb global_colors_info=\u00a0\u00bb{}\u00a0\u00bb][\/et_pb_button][\/et_pb_column][\/et_pb_row][\/et_pb_section]<\/p>\n","protected":false},"excerpt":{"rendered":"<p>Nos parutions presse !Carnets de JulieSud H\u00e9raultNos partenaires<div class=\"et_pb_module dipl_image_card_carousel dipl_image_card_carousel_0  et_pb_text_align_left\">\n\t\t\t\t\n\t\t\t\t\n\t\t\t\t\n\t\t\t\t\n\t\t\t\t\n\t\t\t\t\n\t\t\t\t<div class=\"et_pb_module_inner\">\n\t\t\t\t\t<div class=\"dipl_swiper_wrapper\" data-enable_lightbox=\"off\"><div class=\"dipl_image_card_carousel_layout dipl_swiper_inner_wrap\"><div class=\"swiper-container\"><div class=\"swiper-wrapper\"><div class=\"et_pb_module dipl_image_card_carousel_item dipl_image_card_carousel_item_0  et_pb_bg_layout_light dipl_image_card_carousel_slide swiper-slide\">\n\t\t\t\t\n\t\t\t\t\n\t\t\t\t\n\t\t\t\t\n\t\t\t\t\n\t\t\t\t\n\t\t\t\t<div class=\"et_pb_module_inner\">\n\t\t\t\t\t<div class=\"dipl_image_card_wrapper\"><div class=\"dipl_image_card_image_wrapper\"><img decoding=\"async\" src=\"https:\/\/lesamandiersdetintin.com\/wp-content\/uploads\/2026\/02\/logo-verchant.png\" alt=\"\" srcset=\"https:\/\/lesamandiersdetintin.com\/wp-content\/uploads\/2026\/02\/logo-verchant.png 653w, https:\/\/lesamandiersdetintin.com\/wp-content\/uploads\/2026\/02\/logo-verchant-480x233.png 480w\" sizes=\"(min-width: 0px) and (max-width: 480px) 480px, (min-width: 481px) 653px, 100vw\" class=\"dipl_image_card_image no-lazyload skip-lazy\" \/><\/div><div class=\"dipl_image_card_content_wrapper\">\n\t\t\t\t\t\n\t\t\t\t\t<div class=\"dipl_image_card_inner_content_wrapper\"><h4 class=\"dipl_image_card_title\"> <\/h4><\/div>\n\t\t\t\t<\/div><\/div>\n\t\t\t\t<\/div>\n\t\t\t<\/div><div class=\"et_pb_module dipl_image_card_carousel_item dipl_image_card_carousel_item_1  et_pb_bg_layout_light dipl_image_card_carousel_slide swiper-slide\">\n\t\t\t\t\n\t\t\t\t\n\t\t\t\t\n\t\t\t\t\n\t\t\t\t\n\t\t\t\t\n\t\t\t\t<div class=\"et_pb_module_inner\">\n\t\t\t\t\t<div class=\"dipl_image_card_wrapper\"><div class=\"dipl_image_card_image_wrapper\"><img decoding=\"async\" src=\"https:\/\/lesamandiersdetintin.com\/wp-content\/uploads\/2026\/02\/logo-ACSB.jpg\" alt=\"\" srcset=\"https:\/\/lesamandiersdetintin.com\/wp-content\/uploads\/2026\/02\/logo-ACSB.jpg 220w, https:\/\/lesamandiersdetintin.com\/wp-content\/uploads\/2026\/02\/logo-ACSB-150x150.jpg 150w, https:\/\/lesamandiersdetintin.com\/wp-content\/uploads\/2026\/02\/logo-ACSB-100x100.jpg 100w\" sizes=\"(max-width: 220px) 100vw, 220px\" class=\"dipl_image_card_image no-lazyload skip-lazy\" \/><\/div><div class=\"dipl_image_card_content_wrapper\">\n\t\t\t\t\t\n\t\t\t\t\t<div class=\"dipl_image_card_inner_content_wrapper\"><h4 class=\"dipl_image_card_title\"> <\/h4><\/div>\n\t\t\t\t<\/div><\/div>\n\t\t\t\t<\/div>\n\t\t\t<\/div><div class=\"et_pb_module dipl_image_card_carousel_item dipl_image_card_carousel_item_2  et_pb_text_align_center et_pb_bg_layout_light dipl_image_card_carousel_slide swiper-slide\">\n\t\t\t\t\n\t\t\t\t\n\t\t\t\t\n\t\t\t\t\n\t\t\t\t\n\t\t\t\t\n\t\t\t\t<div class=\"et_pb_module_inner\">\n\t\t\t\t\t<div class=\"dipl_image_card_wrapper\"><div class=\"dipl_image_card_image_wrapper\"><img decoding=\"async\" src=\"https:\/\/lesamandiersdetintin.com\/wp-content\/uploads\/2026\/02\/logo-bocdoc.jpg\" alt=\"\" class=\"dipl_image_card_image no-lazyload skip-lazy\" \/><\/div><div class=\"dipl_image_card_content_wrapper\">\n\t\t\t\t\t\n\t\t\t\t\t<div class=\"dipl_image_card_inner_content_wrapper\"><h4 class=\"dipl_image_card_title\"> <\/h4><\/div>\n\t\t\t\t<\/div><\/div>\n\t\t\t\t<\/div>\n\t\t\t<\/div><div class=\"et_pb_module dipl_image_card_carousel_item dipl_image_card_carousel_item_3  et_pb_text_align_center et_pb_bg_layout_light dipl_image_card_carousel_slide swiper-slide\">\n\t\t\t\t\n\t\t\t\t\n\t\t\t\t\n\t\t\t\t\n\t\t\t\t\n\t\t\t\t\n\t\t\t\t<div class=\"et_pb_module_inner\">\n\t\t\t\t\t<div class=\"dipl_image_card_wrapper\"><div class=\"dipl_image_card_image_wrapper\"><img decoding=\"async\" src=\"https:\/\/lesamandiersdetintin.com\/wp-content\/uploads\/2026\/02\/logo-grand-cap.png\" alt=\"\" srcset=\"https:\/\/lesamandiersdetintin.com\/wp-content\/uploads\/2026\/02\/logo-grand-cap.png 225w, https:\/\/lesamandiersdetintin.com\/wp-content\/uploads\/2026\/02\/logo-grand-cap-150x150.png 150w, https:\/\/lesamandiersdetintin.com\/wp-content\/uploads\/2026\/02\/logo-grand-cap-100x100.png 100w\" sizes=\"(max-width: 225px) 100vw, 225px\" class=\"dipl_image_card_image no-lazyload skip-lazy\" \/><\/div><div class=\"dipl_image_card_content_wrapper\">\n\t\t\t\t\t\n\t\t\t\t\t<div class=\"dipl_image_card_inner_content_wrapper\"><h4 class=\"dipl_image_card_title\"> <\/h4><\/div>\n\t\t\t\t<\/div><\/div>\n\t\t\t\t<\/div>\n\t\t\t<\/div><\/div> <!-- swiper-wrapper --><\/div> <!-- swiper-container --><\/div> <!-- dipl_image_card_carousel_layout --><\/div> <!-- dipl_swiper_wrapper --><script type=\"text\/javascript\">jQuery(function($) {var dipl_image_card_carousel_0_swiper = new Swiper('.dipl_image_card_carousel_0 .swiper-container', {\n\t\t\t\t\t\t\tslidesPerView: 3,\n\t\t\t\t\t\t\tautoplay: {\n\t\t\t\t\t\t\t\tdelay:3000,\n\t\t\t\t\t\t\t\tdisableOnInteraction: true,\n\t\t\t\t\t\t\t},\n\t\t\t\t\t\t\tspaceBetween: 20,\n\t\t\t\t\t\t\tslidesPerGroup: 1,\n\t\t\t\t\t\t\tslidesPerGroupSkip: 2,\n\t\t\t\t\t\t\teffect: \"slide\",\n\t\t\t\t\t\t\tcubeEffect: false,\n\t\t\t\t\t\t\tcoverflowEffect: false,\n\t\t\t\t\t\t\tfadeEffect: false,\n\t\t\t\t\t\t\tspeed: 1000,\n\t\t\t\t\t\t\tloop: false,\n\t\t\t\t\t\t\tautoHeight: false,\n\t\t\t\t\t\t\tpagination: false,\n\t\t\t\t\t\t\tnavigation: false,\n\t\t\t\t\t\t\tgrabCursor: 'true',\n\t\t\t\t\t\t\tobserver: true,\n\t\t\t\t\t\t\tobserveParents: true,\n\t\t\t\t\t\t\tbreakpoints: {\n\t\t\t\t\t\t\t\t981: {\n\t\t\t\t\t\t\t\t  \tslidesPerView: 3,\n\t\t\t\t\t\t\t\t  \tspaceBetween: 20,\n\t\t\t\t\t\t\t\t\tslidesPerGroup: 1,\n\t\t\t\t\t\t\t\t\tslidesPerGroupSkip: 2,\n\t\t\t\t\t\t\t\t},\n\t\t\t\t\t\t\t\t768: {\n\t\t\t\t\t\t\t\t  \tslidesPerView: 2,\n\t\t\t\t\t\t\t\t  \tspaceBetween: 20,\n\t\t\t\t\t\t\t\t  \tslidesPerGroup: 1,\n\t\t\t\t\t\t\t\t\tslidesPerGroupSkip: 1,\n\t\t\t\t\t\t\t\t},\n\t\t\t\t\t\t\t\t0: {\n\t\t\t\t\t\t\t\t  \tslidesPerView: 1,\n\t\t\t\t\t\t\t\t  \tspaceBetween: 20,\n\t\t\t\t\t\t\t\t  \tslidesPerGroup: 1,\n\t\t\t\t\t\t\t\t\tslidesPerGroupSkip: 0,\n\t\t\t\t\t\t\t\t}\n\t\t\t\t\t\t\t},\n\t\t\t\t\t});jQuery(\".dipl_image_card_carousel_0 .swiper-container\").on(\"mouseenter\", function(e) {\n\t\t\t\t\t\t\tif ( typeof dipl_image_card_carousel_0_swiper.autoplay.stop === \"function\" ) {\n\t\t\t\t\t\t\t\tdipl_image_card_carousel_0_swiper.autoplay.stop();\n\t\t\t\t\t\t\t}\n\t\t\t\t\t\t});jQuery(\".dipl_image_card_carousel_0 .swiper-container\").on(\"mouseleave\", function(e) {\n\t\t\t\t\t\t\tif ( typeof dipl_image_card_carousel_0_swiper.autoplay.start === \"function\" ) {\n\t\t\t\t\t\t\t\tdipl_image_card_carousel_0_swiper.autoplay.start();\n\t\t\t\t\t\t\t}\n\t\t\t\t\t\t});dipl_image_card_carousel_0_swiper.on('reachEnd', function(){\n\t\t\t\t\t\t\tdipl_image_card_carousel_0_swiper.autoplay = false;\n\t\t\t\t\t\t});});<\/script>\n\t\t\t\t<\/div>\n\t\t\t<\/div>O\u00f9 nous trouver [&hellip;]<\/p>\n","protected":false},"author":1,"featured_media":0,"parent":0,"menu_order":0,"comment_status":"closed","ping_status":"closed","template":"","meta":{"_et_pb_use_builder":"on","_et_pb_old_content":"<!-- wp:divi\/placeholder \/-->","_et_gb_content_width":"","footnotes":""},"class_list":["post-65","page","type-page","status-publish","hentry"],"_links":{"self":[{"href":"https:\/\/lesamandiersdetintin.com\/index.php\/wp-json\/wp\/v2\/pages\/65","targetHints":{"allow":["GET"]}}],"collection":[{"href":"https:\/\/lesamandiersdetintin.com\/index.php\/wp-json\/wp\/v2\/pages"}],"about":[{"href":"https:\/\/lesamandiersdetintin.com\/index.php\/wp-json\/wp\/v2\/types\/page"}],"author":[{"embeddable":true,"href":"https:\/\/lesamandiersdetintin.com\/index.php\/wp-json\/wp\/v2\/users\/1"}],"replies":[{"embeddable":true,"href":"https:\/\/lesamandiersdetintin.com\/index.php\/wp-json\/wp\/v2\/comments?post=65"}],"version-history":[{"count":11,"href":"https:\/\/lesamandiersdetintin.com\/index.php\/wp-json\/wp\/v2\/pages\/65\/revisions"}],"predecessor-version":[{"id":324,"href":"https:\/\/lesamandiersdetintin.com\/index.php\/wp-json\/wp\/v2\/pages\/65\/revisions\/324"}],"wp:attachment":[{"href":"https:\/\/lesamandiersdetintin.com\/index.php\/wp-json\/wp\/v2\/media?parent=65"}],"curies":[{"name":"wp","href":"https:\/\/api.w.org\/{rel}","templated":true}]}}